{"id":469,"date":"2020-02-20T14:00:32","date_gmt":"2020-02-20T14:00:32","guid":{"rendered":"https:\/\/gredd.org\/wip\/?page_id=469"},"modified":"2025-07-02T08:07:32","modified_gmt":"2025-07-02T13:07:32","slug":"details-livres-il-suffit-dun-peu","status":"publish","type":"page","link":"https:\/\/gredd.org\/wip\/?page_id=469","title":{"rendered":"D\u00e9tails livres Il suffit d&rsquo;un peu"},"content":{"rendered":"<p>[et_pb_section fb_built=\u00a0\u00bb1&Prime; _builder_version=\u00a0\u00bb4.16&Prime; background_color=\u00a0\u00bb#cebcab\u00a0\u00bb background_image=\u00a0\u00bbhttps:\/\/gredd.org\/wip\/wp-content\/uploads\/2020\/03\/papier-or.jpg\u00a0\u00bb width=\u00a0\u00bb97%\u00a0\u00bb max_width=\u00a0\u00bb96%\u00a0\u00bb module_alignment=\u00a0\u00bbcenter\u00a0\u00bb min_height=\u00a0\u00bb100px\u00a0\u00bb custom_margin=\u00a0\u00bb-16px||6px||false|false\u00a0\u00bb custom_margin_tablet=\u00a0\u00bb\u00a0\u00bb custom_margin_phone=\u00a0\u00bb\u00a0\u00bb custom_margin_last_edited=\u00a0\u00bbon|desktop\u00a0\u00bb custom_padding=\u00a0\u00bb40px||0px||false|false\u00a0\u00bb global_colors_info=\u00a0\u00bb{}\u00a0\u00bb][et_pb_row use_custom_gutter=\u00a0\u00bbon\u00a0\u00bb gutter_width=\u00a0\u00bb1&Prime; _builder_version=\u00a0\u00bb4.16&Prime; background_color=\u00a0\u00bbrgba(0,0,0,0)\u00a0\u00bb width=\u00a0\u00bb100%\u00a0\u00bb max_width=\u00a0\u00bb2560px\u00a0\u00bb custom_margin=\u00a0\u00bb15px|||3px|false|false\u00a0\u00bb custom_margin_tablet=\u00a0\u00bb\u00a0\u00bb custom_margin_phone=\u00a0\u00bb23px||||false|false\u00a0\u00bb custom_margin_last_edited=\u00a0\u00bbon|tablet\u00a0\u00bb custom_padding=\u00a0\u00bb8px||3px||false|false\u00a0\u00bb global_colors_info=\u00a0\u00bb{}\u00a0\u00bb custom_margin__hover_enabled=\u00a0\u00bbon|desktop\u00a0\u00bb custom_margin__hover=\u00a0\u00bb15px|||3px|false|false\u00a0\u00bb][et_pb_column type=\u00a0\u00bb4_4&Prime; _builder_version=\u00a0\u00bb4.16&Prime; global_colors_info=\u00a0\u00bb{}\u00a0\u00bb][et_pb_text _builder_version=\u00a0\u00bb4.16&Prime; text_font=\u00a0\u00bb|700|||||||\u00a0\u00bb text_text_color=\u00a0\u00bb#000000&Prime; background_color=\u00a0\u00bb#e0a762&Prime; use_background_color_gradient=\u00a0\u00bbon\u00a0\u00bb background_color_gradient_stops=\u00a0\u00bbrgba(0,0,0,0) 0%|rgba(0,0,0,0) 100%\u00a0\u00bb background_color_gradient_start=\u00a0\u00bbrgba(0,0,0,0)\u00a0\u00bb background_color_gradient_end=\u00a0\u00bbrgba(0,0,0,0)\u00a0\u00bb background_enable_image=\u00a0\u00bboff\u00a0\u00bb width=\u00a0\u00bb95%\u00a0\u00bb max_width=\u00a0\u00bb91%\u00a0\u00bb module_alignment=\u00a0\u00bbcenter\u00a0\u00bb custom_margin=\u00a0\u00bb59px||5px||false|false\u00a0\u00bb custom_padding=\u00a0\u00bb11px||11px||false|false\u00a0\u00bb global_colors_info=\u00a0\u00bb{}\u00a0\u00bb]<\/p>\n<h1 style=\"text-align: center;\">Il suffit d&rsquo;un peu d&rsquo;amour<\/h1>\n<p>[\/et_pb_text][\/et_pb_column][\/et_pb_row][et_pb_row column_structure=\u00a0\u00bb1_2,1_2&Prime; _builder_version=\u00a0\u00bb4.16&Prime; border_radii=\u00a0\u00bboff||||\u00a0\u00bb global_colors_info=\u00a0\u00bb{}\u00a0\u00bb][et_pb_column type=\u00a0\u00bb1_2&Prime; _builder_version=\u00a0\u00bb4.16&Prime; global_colors_info=\u00a0\u00bb{}\u00a0\u00bb][et_pb_image src=\u00a0\u00bbhttps:\/\/gredd.org\/wip\/wp-content\/uploads\/2020\/02\/Ilsuffit-525&#215;692-1.gif\u00a0\u00bb _builder_version=\u00a0\u00bb4.16&Prime; border_radii=\u00a0\u00bboff||||\u00a0\u00bb border_color_all=\u00a0\u00bbrgba(0,0,0,0)\u00a0\u00bb global_colors_info=\u00a0\u00bb{}\u00a0\u00bb][\/et_pb_image][\/et_pb_column][et_pb_column type=\u00a0\u00bb1_2&Prime; _builder_version=\u00a0\u00bb4.16&Prime; global_colors_info=\u00a0\u00bb{}\u00a0\u00bb][et_pb_text _builder_version=\u00a0\u00bb4.16&Prime; text_font=\u00a0\u00bb|600|||||||\u00a0\u00bb text_text_color=\u00a0\u00bb#000000&Prime; link_text_color=\u00a0\u00bb#001dff\u00a0\u00bb global_colors_info=\u00a0\u00bb{}\u00a0\u00bb]<\/p>\n<p><span>IL SUFFIT D&rsquo;UN PEU D&rsquo;AMOUR\u2026UNE APPROCHE EXP\u00c9RIENTIELLE DE LA LECTURE AU PRIMAIRE<\/span><\/p>\n<p>Voici le r\u00e9cit \u00e9mouvant d\u2019une d\u00e9marche exp\u00e9rientielle d\u2019\u00e9ducation permettant l\u2019apprentissage de strat\u00e9gies de compr\u00e9hension en lecture aupr\u00e8s d\u2019\u00e9l\u00e8ves de sixi\u00e8me ann\u00e9e en difficult\u00e9 d\u2019apprentissage. Le r\u00e9cit illustre la fa\u00e7on dont ils ont d\u00e9velopp\u00e9 leur motivation \u00e0 apprendre, leur engagement et leur responsabilit\u00e9 dans l\u2019apprentissage des habilet\u00e9s en lecture ainsi que leur image d\u2019eux-m\u00eames comme apprenants.<\/p>\n<p><span>Auteur:\u00a0<\/span><span>Saint-Pierre, Dominique<br \/><\/span><span>\u00c9diteur<\/span><span> <\/span><span>GREDD<br \/><\/span><span>ISBN<\/span><span> <\/span><span>2921257241<br \/><\/span><span>ISBN13<\/span><span> <\/span><span>9782921257244<\/span><\/p>\n<p>Prix : 29.95$ <a href=\"https:\/\/www.coopzone.ca\/recherche?search=gredd&amp;page=1\"><span>Pour commander<\/span><\/a><\/p>\n<p><u><\/u><\/p>\n<p>[\/et_pb_text][et_pb_button button_url=\u00a0\u00bb@ET-DC@eyJkeW5hbWljIjp0cnVlLCJjb250ZW50IjoicG9zdF9saW5rX3VybF9wYWdlIiwic2V0dGluZ3MiOnsicG9zdF9pZCI6IjI5NiJ9fQ==@\u00a0\u00bb button_text=\u00a0\u00bbRetour vers Livres\u00a0\u00bb _builder_version=\u00a0\u00bb4.16&Prime; _dynamic_attributes=\u00a0\u00bbbutton_url\u00a0\u00bb custom_button=\u00a0\u00bbon\u00a0\u00bb button_text_color=\u00a0\u00bb#000000&Prime; button_icon=\u00a0\u00bb&#x3e;||divi||400&Prime; global_colors_info=\u00a0\u00bb{}\u00a0\u00bb][\/et_pb_button][\/et_pb_column][\/et_pb_row][\/et_pb_section]<\/p>\n","protected":false},"excerpt":{"rendered":"<p>Il suffit d&rsquo;un peu d&rsquo;amourIL SUFFIT D&rsquo;UN PEU D&rsquo;AMOUR\u2026UNE APPROCHE EXP\u00c9RIENTIELLE DE LA LECTURE AU PRIMAIRE Voici le r\u00e9cit \u00e9mouvant d\u2019une d\u00e9marche exp\u00e9rientielle d\u2019\u00e9ducation permettant l\u2019apprentissage de strat\u00e9gies de compr\u00e9hension en lecture aupr\u00e8s d\u2019\u00e9l\u00e8ves de sixi\u00e8me ann\u00e9e en difficult\u00e9 d\u2019apprentissage. Le r\u00e9cit illustre la fa\u00e7on dont ils ont d\u00e9velopp\u00e9 leur motivation \u00e0 apprendre, leur engagement [&hellip;]<\/p>\n","protected":false},"author":1,"featured_media":0,"parent":0,"menu_order":0,"comment_status":"closed","ping_status":"closed","template":"","meta":{"_et_pb_use_builder":"on","_et_pb_old_content":"","_et_gb_content_width":"","footnotes":""},"class_list":["post-469","page","type-page","status-publish","hentry"],"_links":{"self":[{"href":"https:\/\/gredd.org\/wip\/index.php?rest_route=\/wp\/v2\/pages\/469","targetHints":{"allow":["GET"]}}],"collection":[{"href":"https:\/\/gredd.org\/wip\/index.php?rest_route=\/wp\/v2\/pages"}],"about":[{"href":"https:\/\/gredd.org\/wip\/index.php?rest_route=\/wp\/v2\/types\/page"}],"author":[{"embeddable":true,"href":"https:\/\/gredd.org\/wip\/index.php?rest_route=\/wp\/v2\/users\/1"}],"replies":[{"embeddable":true,"href":"https:\/\/gredd.org\/wip\/index.php?rest_route=%2Fwp%2Fv2%2Fcomments&post=469"}],"version-history":[{"count":10,"href":"https:\/\/gredd.org\/wip\/index.php?rest_route=\/wp\/v2\/pages\/469\/revisions"}],"predecessor-version":[{"id":1555,"href":"https:\/\/gredd.org\/wip\/index.php?rest_route=\/wp\/v2\/pages\/469\/revisions\/1555"}],"wp:attachment":[{"href":"https:\/\/gredd.org\/wip\/index.php?rest_route=%2Fwp%2Fv2%2Fmedia&parent=469"}],"curies":[{"name":"wp","href":"https:\/\/api.w.org\/{rel}","templated":true}]}}