{"id":463,"date":"2020-02-20T13:55:14","date_gmt":"2020-02-20T13:55:14","guid":{"rendered":"https:\/\/gredd.org\/wip\/?page_id=463"},"modified":"2025-07-02T08:09:13","modified_gmt":"2025-07-02T13:09:13","slug":"details-livres-pari","status":"publish","type":"page","link":"https:\/\/gredd.org\/wip\/?page_id=463","title":{"rendered":"D\u00e9tails livres PARI"},"content":{"rendered":"<p>[et_pb_section fb_built=\u00a0\u00bb1&Prime; _builder_version=\u00a0\u00bb4.16&Prime; background_color=\u00a0\u00bb#cebcab\u00a0\u00bb background_image=\u00a0\u00bbhttps:\/\/gredd.org\/wip\/wp-content\/uploads\/2020\/03\/papier-or.jpg\u00a0\u00bb width=\u00a0\u00bb97%\u00a0\u00bb max_width=\u00a0\u00bb96%\u00a0\u00bb module_alignment=\u00a0\u00bbcenter\u00a0\u00bb min_height=\u00a0\u00bb100px\u00a0\u00bb custom_margin=\u00a0\u00bb-16px||6px||false|false\u00a0\u00bb custom_margin_tablet=\u00a0\u00bb\u00a0\u00bb custom_margin_phone=\u00a0\u00bb\u00a0\u00bb custom_margin_last_edited=\u00a0\u00bbon|desktop\u00a0\u00bb custom_padding=\u00a0\u00bb40px||0px||false|false\u00a0\u00bb global_colors_info=\u00a0\u00bb{}\u00a0\u00bb][et_pb_row use_custom_gutter=\u00a0\u00bbon\u00a0\u00bb gutter_width=\u00a0\u00bb1&Prime; _builder_version=\u00a0\u00bb4.16&Prime; background_color=\u00a0\u00bbrgba(0,0,0,0)\u00a0\u00bb width=\u00a0\u00bb100%\u00a0\u00bb max_width=\u00a0\u00bb2560px\u00a0\u00bb custom_margin=\u00a0\u00bb15px|||3px|false|false\u00a0\u00bb custom_margin_tablet=\u00a0\u00bb\u00a0\u00bb custom_margin_phone=\u00a0\u00bb23px||||false|false\u00a0\u00bb custom_margin_last_edited=\u00a0\u00bbon|tablet\u00a0\u00bb custom_padding=\u00a0\u00bb8px||3px||false|false\u00a0\u00bb global_colors_info=\u00a0\u00bb{}\u00a0\u00bb custom_margin__hover_enabled=\u00a0\u00bbon|desktop\u00a0\u00bb custom_margin__hover=\u00a0\u00bb15px|||3px|false|false\u00a0\u00bb][et_pb_column type=\u00a0\u00bb4_4&Prime; _builder_version=\u00a0\u00bb4.16&Prime; global_colors_info=\u00a0\u00bb{}\u00a0\u00bb][et_pb_text _builder_version=\u00a0\u00bb4.16&Prime; text_font=\u00a0\u00bb|700|||||||\u00a0\u00bb text_text_color=\u00a0\u00bb#000000&Prime; background_color=\u00a0\u00bb#e0a762&Prime; use_background_color_gradient=\u00a0\u00bbon\u00a0\u00bb background_color_gradient_stops=\u00a0\u00bbrgba(0,0,0,0) 0%|rgba(0,0,0,0) 100%\u00a0\u00bb background_color_gradient_start=\u00a0\u00bbrgba(0,0,0,0)\u00a0\u00bb background_color_gradient_end=\u00a0\u00bbrgba(0,0,0,0)\u00a0\u00bb background_enable_image=\u00a0\u00bboff\u00a0\u00bb width=\u00a0\u00bb95%\u00a0\u00bb max_width=\u00a0\u00bb91%\u00a0\u00bb module_alignment=\u00a0\u00bbcenter\u00a0\u00bb custom_margin=\u00a0\u00bb59px||5px||false|false\u00a0\u00bb custom_padding=\u00a0\u00bb11px||11px||false|false\u00a0\u00bb global_colors_info=\u00a0\u00bb{}\u00a0\u00bb]<\/p>\n<h1 style=\"text-align: center;\">P.A.R.I.<\/h1>\n<p>[\/et_pb_text][\/et_pb_column][\/et_pb_row][et_pb_row column_structure=\u00a0\u00bb1_2,1_2&Prime; _builder_version=\u00a0\u00bb4.16&Prime; border_radii=\u00a0\u00bboff||||\u00a0\u00bb global_colors_info=\u00a0\u00bb{}\u00a0\u00bb][et_pb_column type=\u00a0\u00bb1_2&Prime; _builder_version=\u00a0\u00bb4.16&Prime; global_colors_info=\u00a0\u00bb{}\u00a0\u00bb][et_pb_image src=\u00a0\u00bbhttps:\/\/gredd.org\/wip\/wp-content\/uploads\/2020\/02\/pari_img-525&#215;692-1.gif\u00a0\u00bb _builder_version=\u00a0\u00bb4.16&Prime; border_radii=\u00a0\u00bboff||||\u00a0\u00bb border_color_all=\u00a0\u00bbrgba(0,0,0,0)\u00a0\u00bb global_colors_info=\u00a0\u00bb{}\u00a0\u00bb][\/et_pb_image][\/et_pb_column][et_pb_column type=\u00a0\u00bb1_2&Prime; _builder_version=\u00a0\u00bb4.16&Prime; global_colors_info=\u00a0\u00bb{}\u00a0\u00bb][et_pb_text _builder_version=\u00a0\u00bb4.16&Prime; text_font=\u00a0\u00bb|600|||||||\u00a0\u00bb text_text_color=\u00a0\u00bb#000000&Prime; link_text_color=\u00a0\u00bb#001dff\u00a0\u00bb global_colors_info=\u00a0\u00bb{}\u00a0\u00bb custom_padding=\u00a0\u00bb||0px|||\u00a0\u00bb]<\/p>\n<p><span>P.A.R.I.<\/span><\/p>\n<p>UNE APPROCHE D&rsquo;ENSEIGNEMENT DES HABILET\u00c9S SOCIALES FAVORISANT LA CR\u00c9ATION DE LIENS D&rsquo;AMITI\u00c9<\/p>\n<p>Caron C, Dufour C.<\/p>\n<p>L&rsquo;approche qui s&rsquo;adresse aux personnes vivant avec une d\u00e9ficience intellectuelle, comporte un enseignement en groupe d&rsquo;habilet\u00e9s reli\u00e9es \u00e0 la conversation \u00e0 l&rsquo;apparence personnelle et \u00e0 l&rsquo;expression des \u00e9motions. Le contenu des quatorze rencontres est pr\u00e9sent\u00e9 en d\u00e9tails. Le programme comporte \u00e9galement un volet individualis\u00e9 sous forme d&rsquo;un projet personnel en lien avec la vie sociale. Le programme pr\u00e9conise une d\u00e9marche d&rsquo;intervention aupr\u00e8s des proches afin de modifier les attitudes ou comportements qui peuvent entraver le d\u00e9veloppement de la personne au plan social.<\/p>\n<p>\u00c9diteur GREDD 1995<br \/>ISBN 2921257203<br \/>ISBN13 9782921257206<\/p>\n<p>Prix : 24.95$ <a href=\"https:\/\/www.coopzone.ca\/recherche?search=gredd&amp;page=1\"><u>Pour commander<\/u><\/a><\/p>\n<p>[\/et_pb_text][et_pb_button button_url=\u00a0\u00bb@ET-DC@eyJkeW5hbWljIjp0cnVlLCJjb250ZW50IjoicG9zdF9saW5rX3VybF9wYWdlIiwic2V0dGluZ3MiOnsicG9zdF9pZCI6IjI5NiJ9fQ==@\u00a0\u00bb button_text=\u00a0\u00bbRetour vers Livres\u00a0\u00bb _builder_version=\u00a0\u00bb4.16&Prime; _dynamic_attributes=\u00a0\u00bbbutton_url\u00a0\u00bb custom_button=\u00a0\u00bbon\u00a0\u00bb button_text_color=\u00a0\u00bb#000000&Prime; button_icon=\u00a0\u00bb&#x3e;||divi||400&Prime; global_colors_info=\u00a0\u00bb{}\u00a0\u00bb][\/et_pb_button][\/et_pb_column][\/et_pb_row][\/et_pb_section]<\/p>\n","protected":false},"excerpt":{"rendered":"<p>P.A.R.I.P.A.R.I. UNE APPROCHE D&rsquo;ENSEIGNEMENT DES HABILET\u00c9S SOCIALES FAVORISANT LA CR\u00c9ATION DE LIENS D&rsquo;AMITI\u00c9 Caron C, Dufour C. L&rsquo;approche qui s&rsquo;adresse aux personnes vivant avec une d\u00e9ficience intellectuelle, comporte un enseignement en groupe d&rsquo;habilet\u00e9s reli\u00e9es \u00e0 la conversation \u00e0 l&rsquo;apparence personnelle et \u00e0 l&rsquo;expression des \u00e9motions. Le contenu des quatorze rencontres est pr\u00e9sent\u00e9 en d\u00e9tails. Le [&hellip;]<\/p>\n","protected":false},"author":1,"featured_media":0,"parent":0,"menu_order":0,"comment_status":"closed","ping_status":"closed","template":"","meta":{"_et_pb_use_builder":"on","_et_pb_old_content":"","_et_gb_content_width":"","footnotes":""},"class_list":["post-463","page","type-page","status-publish","hentry"],"_links":{"self":[{"href":"https:\/\/gredd.org\/wip\/index.php?rest_route=\/wp\/v2\/pages\/463","targetHints":{"allow":["GET"]}}],"collection":[{"href":"https:\/\/gredd.org\/wip\/index.php?rest_route=\/wp\/v2\/pages"}],"about":[{"href":"https:\/\/gredd.org\/wip\/index.php?rest_route=\/wp\/v2\/types\/page"}],"author":[{"embeddable":true,"href":"https:\/\/gredd.org\/wip\/index.php?rest_route=\/wp\/v2\/users\/1"}],"replies":[{"embeddable":true,"href":"https:\/\/gredd.org\/wip\/index.php?rest_route=%2Fwp%2Fv2%2Fcomments&post=463"}],"version-history":[{"count":8,"href":"https:\/\/gredd.org\/wip\/index.php?rest_route=\/wp\/v2\/pages\/463\/revisions"}],"predecessor-version":[{"id":1558,"href":"https:\/\/gredd.org\/wip\/index.php?rest_route=\/wp\/v2\/pages\/463\/revisions\/1558"}],"wp:attachment":[{"href":"https:\/\/gredd.org\/wip\/index.php?rest_route=%2Fwp%2Fv2%2Fmedia&parent=463"}],"curies":[{"name":"wp","href":"https:\/\/api.w.org\/{rel}","templated":true}]}}